{"id":1503,"date":"2024-02-27T21:56:05","date_gmt":"2024-02-27T20:56:05","guid":{"rendered":"https:\/\/aema-iledere.fr\/?page_id=1503"},"modified":"2024-03-01T17:51:53","modified_gmt":"2024-03-01T16:51:53","slug":"documents-statutaires","status":"publish","type":"page","link":"https:\/\/aema-iledere.fr\/index.php\/documents-statutaires\/","title":{"rendered":"Documents statutaires"},"content":{"rendered":"<div class=\"fusion-fullwidth fullwidth-box fusion-builder-row-1 fusion-flex-container has-pattern-background has-mask-background fusion-parallax-none nonhundred-percent-fullwidth non-hundred-percent-height-scrolling\" style=\"--awb-background-blend-mode:lighten;--awb-border-radius-top-left:0px;--awb-border-radius-top-right:0px;--awb-border-radius-bottom-right:0px;--awb-border-radius-bottom-left:0px;--awb-background-color:rgba(35,81,96,0.5);--awb-background-image:url(&quot;https:\/\/aema-iledere.fr\/wp-content\/uploads\/2023\/12\/1508763494-1686169556.jpg&quot;);--awb-background-size:cover;--awb-flex-wrap:wrap;\" ><div class=\"awb-background-mask\" style=\"background-image:  url(data:image\/svg+xml;utf8,%3Csvg%20width%3D%221920%22%20height%3D%22954%22%20fill%3D%22none%22%20xmlns%3D%22http%3A%2F%2Fwww.w3.org%2F2000%2Fsvg%22%3E%3Cg%20clip-path%3D%22url%28%23prefix__prefix__clip0_77_23452%29%22%3E%3Cpath%20fill-rule%3D%22evenodd%22%20clip-rule%3D%22evenodd%22%20d%3D%22M1353%20308.5c0%20255.507-131.58%20485.45-341.45%20645.5-187.291%20142.83-436.933%20230-711.05%20230C-280.78%201184-752%20792.025-752%20308.5S-280.78-567%20300.5-567c450.743%200%20835.31%20235.692%20985.3%20567%2043.44%2095.948%2067.2%20199.916%2067.2%20308.5z%22%20fill%3D%22rgba%28255%2C255%2C255%2C1%29%22%2F%3E%3Cpath%20d%3D%22M1321.57%20538C1357.08%20287.516%201273.7%2089.91%201127-.418L1374.18-6c65.77%20100.68-15.89%20431.512-52.61%20544zM312%20955c432.242%200%20746.77-180.667%20850-271-90.34%20157.09-176.766%20246.121-208.688%20271H312z%22%20fill%3D%22rgba%2835%2C81%2C96%2C0.4%29%22%20fill-opacity%3D%22.25%22%2F%3E%3Cpath%20d%3D%22M1344.5%20427c0-252.4-212.67-390.833-319-428.5H1373c70%2082.4%2010.17%20320-28.5%20428.5z%22%20fill%3D%22rgba%2835%2C81%2C96%2C0.4%29%22%20fill-opacity%3D%22.1%22%2F%3E%3Cpath%20fill-rule%3D%22evenodd%22%20clip-rule%3D%22evenodd%22%20d%3D%22M1337%20184.5c0%20324.402-198.63%20609.049-497.356%20769.5H0V0h1285.8c-149.99-331.308-534.557-567-985.3-567C-280.78-567-752-175.025-752%20308.5c0%2040.898%203.371%2081.142%209.895%20120.549C-617.527%20811.461-207.995%201092%20278%201092c206.311%200%20398.842-50.56%20561.644-138h171.906C1221.42%20793.95%201353%20564.007%201353%20308.5c0-53.218-5.71-105.326-16.64-155.925.42%2010.596.64%2021.239.64%2031.925z%22%20fill%3D%22rgba%2835%2C81%2C96%2C0.4%29%22%20fill-opacity%3D%22.5%22%2F%3E%3C%2Fg%3E%3Cdefs%3E%3CclipPath%20id%3D%22prefix__prefix__clip0_77_23452%22%3E%3Cpath%20fill%3D%22rgba%2835%2C81%2C96%2C0.4%29%22%20d%3D%22M0%200h1920v954H0z%22%2F%3E%3C%2FclipPath%3E%3C%2Fdefs%3E%3C%2Fsvg%3E);opacity: 1 ;transform: scale(1, 1);mix-blend-mode:normal;\"><\/div><div class=\"fusion-builder-row fusion-row fusion-flex-align-items-flex-start fusion-flex-content-wrap\" style=\"max-width:1144px;margin-left: calc(-4% \/ 2 );margin-right: calc(-4% \/ 2 );\"><div class=\"fusion-layout-column fusion_builder_column fusion-builder-column-0 fusion_builder_column_1_1 1_1 fusion-flex-column\" style=\"--awb-bg-size:cover;--awb-width-large:100%;--awb-margin-top-large:0px;--awb-spacing-right-large:1.92%;--awb-margin-bottom-large:70px;--awb-spacing-left-large:1.92%;--awb-width-medium:100%;--awb-order-medium:0;--awb-spacing-right-medium:1.92%;--awb-spacing-left-medium:1.92%;--awb-width-small:100%;--awb-order-small:0;--awb-spacing-right-small:1.92%;--awb-spacing-left-small:1.92%;\"><div class=\"fusion-column-wrapper fusion-column-has-shadow fusion-flex-justify-content-flex-start fusion-content-layout-column\"><div class=\"fusion-section-separator section-separator slant fusion-section-separator-1\" style=\"--awb-spacer-height:30px;--awb-svg-margin-left:1.92%;--awb-svg-margin-right:1.92%;--awb-svg-margin-left-medium:1.92%;--awb-svg-margin-right-medium:1.92%;--awb-svg-margin-left-small:1.92%;--awb-svg-margin-right-small:1.92%;--awb-divider-height:30px;--awb-spacer-padding-top:inherit;--awb-sep-padding:0;--awb-svg-padding:0;\"><div class=\"fusion-section-separator-svg\"><svg class=\"fusion-slant-candy\" xmlns=\"http:\/\/www.w3.org\/2000\/svg\" version=\"1.1\" width=\"100%\" height=\"100\" viewBox=\"0 0 100 100\" preserveAspectRatio=\"none\" fill=\"rgba(35,81,96,0.4)\"><path d=\"M100 0 L100 100 L0 0 Z\"><\/path><\/svg><\/div><div class=\"fusion-section-separator-spacer\"><div class=\"fusion-section-separator-spacer-height\"><\/div><\/div><\/div><div class=\"fusion-text fusion-text-1\"><p>Retrouvez ci-dessous, l\u2019ensemble des documents statuaires t\u00e9l\u00e9chargeables de l\u2019AEMA.<\/p>\n<\/div><div class=\"fusion-title title fusion-title-1 fusion-sep-none fusion-title-text fusion-title-size-two\"><h2 class=\"fusion-title-heading title-heading-left\" style=\"margin:0;\"><strong>STATUTS ET R\u00c8GLEMENTS INT\u00c9RIEURS<\/strong><\/h2><\/div><div class=\"fusion-separator\" style=\"align-self: flex-start;margin-right:auto;margin-bottom:30px;width:100%;max-width:250px;\"><div class=\"fusion-separator-border sep-single sep-solid\" style=\"--awb-height:20px;--awb-amount:20px;--awb-sep-color:#548235;border-color:#548235;border-top-width:5px;\"><\/div><\/div><div class=\"accordian fusion-accordian\" style=\"--awb-border-size:1px;--awb-icon-size:13px;--awb-content-font-size:15px;--awb-icon-alignment:left;--awb-hover-color:#f9f9f9;--awb-border-color:#cccccc;--awb-background-color:#ffffff;--awb-divider-color:#e0dede;--awb-divider-hover-color:#e0dede;--awb-icon-color:#ffffff;--awb-title-color:#333333;--awb-content-color:#333333;--awb-icon-box-color:#333333;--awb-toggle-hover-accent-color:#a0ce4e;--awb-title-font-family:&quot;Arimo&quot;;--awb-title-font-weight:400;--awb-title-font-style:normal;--awb-content-font-family:&quot;PT Sans&quot;;--awb-content-font-style:normal;--awb-content-font-weight:400;\"><div class=\"panel-group fusion-toggle-icon-boxed\" id=\"accordion-1503-1\"><div class=\"fusion-panel panel-default panel-2cb474413c8fad677 fusion-toggle-has-divider\" style=\"--awb-title-color:#333333;\"><div class=\"panel-heading\"><h4 class=\"panel-title toggle\" id=\"toggle_2cb474413c8fad677\"><a aria-expanded=\"false\" aria-controls=\"2cb474413c8fad677\" role=\"button\" data-toggle=\"collapse\" data-parent=\"#accordion-1503-1\" data-target=\"#2cb474413c8fad677\" href=\"#2cb474413c8fad677\"><span class=\"fusion-toggle-icon-wrapper\" aria-hidden=\"true\"><i class=\"fa-fusion-box active-icon awb-icon-minus\" aria-hidden=\"true\"><\/i><i class=\"fa-fusion-box inactive-icon fa-file-pdf fas\" aria-hidden=\"true\"><\/i><\/span><span class=\"fusion-toggle-heading\">Statuts de l\u2019AEMA<\/span><\/a><\/h4><\/div><div id=\"2cb474413c8fad677\" class=\"panel-collapse collapse \" aria-labelledby=\"toggle_2cb474413c8fad677\"><div class=\"panel-body toggle-content fusion-clearfix\">\n<p><a href=\"https:\/\/aema-iledere.fr\/wp-content\/uploads\/2019\/03\/aema-statuts.pdf\" target=\"_blank\" rel=\"noopener\">t\u00e9l\u00e9chargement des statuts de l\u2019AEMA.<\/a><\/p>\n<\/div><\/div><\/div><\/div><\/div><div class=\"fusion-title title fusion-title-2 fusion-sep-none fusion-title-text fusion-title-size-two\" style=\"--awb-margin-top:50px;\"><h2 class=\"fusion-title-heading title-heading-left\" style=\"margin:0;\"><strong>COMPTE-RENDU D\u2019ASSEMBL\u00c9E G\u00c9N\u00c9RALE<\/strong><\/h2><\/div><div class=\"fusion-separator\" style=\"align-self: flex-start;margin-right:auto;margin-bottom:30px;width:100%;max-width:250px;\"><div class=\"fusion-separator-border sep-single sep-solid\" style=\"--awb-height:20px;--awb-amount:20px;--awb-sep-color:#548235;border-color:#548235;border-top-width:5px;\"><\/div><\/div><div class=\"accordian fusion-accordian\" style=\"--awb-border-size:1px;--awb-icon-size:13px;--awb-content-font-size:15px;--awb-icon-alignment:left;--awb-hover-color:#f9f9f9;--awb-border-color:#cccccc;--awb-background-color:#ffffff;--awb-divider-color:#e0dede;--awb-divider-hover-color:#e0dede;--awb-icon-color:#ffffff;--awb-title-color:#333333;--awb-content-color:#333333;--awb-icon-box-color:#333333;--awb-toggle-hover-accent-color:#a0ce4e;--awb-title-font-family:&quot;Arimo&quot;;--awb-title-font-weight:400;--awb-title-font-style:normal;--awb-content-font-family:&quot;PT Sans&quot;;--awb-content-font-style:normal;--awb-content-font-weight:400;\"><div class=\"panel-group fusion-toggle-icon-boxed\" id=\"accordion-1503-2\"><div class=\"fusion-panel panel-default panel-63d7928be5a426c65 fusion-toggle-has-divider\" style=\"--awb-title-color:#333333;\"><div class=\"panel-heading\"><h4 class=\"panel-title toggle\" id=\"toggle_63d7928be5a426c65\"><a aria-expanded=\"false\" aria-controls=\"63d7928be5a426c65\" role=\"button\" data-toggle=\"collapse\" data-parent=\"#accordion-1503-2\" data-target=\"#63d7928be5a426c65\" href=\"#63d7928be5a426c65\"><span class=\"fusion-toggle-icon-wrapper\" aria-hidden=\"true\"><i class=\"fa-fusion-box active-icon awb-icon-minus\" aria-hidden=\"true\"><\/i><i class=\"fa-fusion-box inactive-icon fa-file-pdf fas\" aria-hidden=\"true\"><\/i><\/span><span class=\"fusion-toggle-heading\">PV AG 2023 AEMA - Rapport Moral et d'Activit\u00e9<\/span><\/a><\/h4><\/div><div id=\"63d7928be5a426c65\" class=\"panel-collapse collapse \" aria-labelledby=\"toggle_63d7928be5a426c65\"><div class=\"panel-body toggle-content fusion-clearfix\">\n<p><a href=\"https:\/\/aema-iledere.fr\/wp-content\/uploads\/2023\/11\/PV-AG2023-AEMA-RAPPORT-MORAL-ACTIVITE.pdf\" target=\"_blank\" rel=\"noopener\">T\u00e9l\u00e9chargement PV AG 2023 AEMA &#8211; Rapport Moral et d&rsquo;Activit\u00e9.<\/a><\/p>\n<\/div><\/div><\/div><div class=\"fusion-panel panel-default panel-941970b1ed81a9f0f fusion-toggle-has-divider\" style=\"--awb-title-color:#333333;\"><div class=\"panel-heading\"><h4 class=\"panel-title toggle\" id=\"toggle_941970b1ed81a9f0f\"><a aria-expanded=\"false\" aria-controls=\"941970b1ed81a9f0f\" role=\"button\" data-toggle=\"collapse\" data-parent=\"#accordion-1503-2\" data-target=\"#941970b1ed81a9f0f\" href=\"#941970b1ed81a9f0f\"><span class=\"fusion-toggle-icon-wrapper\" aria-hidden=\"true\"><i class=\"fa-fusion-box active-icon awb-icon-minus\" aria-hidden=\"true\"><\/i><i class=\"fa-fusion-box inactive-icon fa-file-pdf fas\" aria-hidden=\"true\"><\/i><\/span><span class=\"fusion-toggle-heading\">PV AG 2022 AEMA - Rapport Moral et d'Activit\u00e9<\/span><\/a><\/h4><\/div><div id=\"941970b1ed81a9f0f\" class=\"panel-collapse collapse \" aria-labelledby=\"toggle_941970b1ed81a9f0f\"><div class=\"panel-body toggle-content fusion-clearfix\">\n<p><a href=\"https:\/\/aema-iledere.fr\/wp-content\/uploads\/2023\/11\/PV-AG2022-AEMA-RAPPORT-MORAL-ACTIVITE.pdf\" target=\"_blank\" rel=\"noopener\">T\u00e9l\u00e9chargement PV AG 2022 AEMA &#8211; Rapport Moral et d&rsquo;Activit\u00e9.<\/a><\/p>\n<\/div><\/div><\/div><div class=\"fusion-panel panel-default panel-3424c3a8b6223cc97 fusion-toggle-has-divider\" style=\"--awb-title-color:#333333;\"><div class=\"panel-heading\"><h4 class=\"panel-title toggle\" id=\"toggle_3424c3a8b6223cc97\"><a aria-expanded=\"false\" aria-controls=\"3424c3a8b6223cc97\" role=\"button\" data-toggle=\"collapse\" data-parent=\"#accordion-1503-2\" data-target=\"#3424c3a8b6223cc97\" href=\"#3424c3a8b6223cc97\"><span class=\"fusion-toggle-icon-wrapper\" aria-hidden=\"true\"><i class=\"fa-fusion-box active-icon awb-icon-minus\" aria-hidden=\"true\"><\/i><i class=\"fa-fusion-box inactive-icon fa-file-pdf fas\" aria-hidden=\"true\"><\/i><\/span><span class=\"fusion-toggle-heading\">PV AG 2021 AEMA - Rapport Moral et d'Activit\u00e9<\/span><\/a><\/h4><\/div><div id=\"3424c3a8b6223cc97\" class=\"panel-collapse collapse \" aria-labelledby=\"toggle_3424c3a8b6223cc97\"><div class=\"panel-body toggle-content fusion-clearfix\">\n<p><a href=\"https:\/\/aema-iledere.fr\/wp-content\/uploads\/2021\/09\/PV-AG2021-AEMA-RAPPORT-MORAL-ACTIVITE-.pdf\" target=\"_blank\" rel=\"noopener\">T\u00e9l\u00e9chargement PV AG 2021 AEMA &#8211; Rapport Moral et d&rsquo;Activit\u00e9.<\/a><\/p>\n<\/div><\/div><\/div><div class=\"fusion-panel panel-default panel-5a03606b8de568208 fusion-toggle-has-divider\" style=\"--awb-title-color:#333333;\"><div class=\"panel-heading\"><h4 class=\"panel-title toggle\" id=\"toggle_5a03606b8de568208\"><a aria-expanded=\"false\" aria-controls=\"5a03606b8de568208\" role=\"button\" data-toggle=\"collapse\" data-parent=\"#accordion-1503-2\" data-target=\"#5a03606b8de568208\" href=\"#5a03606b8de568208\"><span class=\"fusion-toggle-icon-wrapper\" aria-hidden=\"true\"><i class=\"fa-fusion-box active-icon awb-icon-minus\" aria-hidden=\"true\"><\/i><i class=\"fa-fusion-box inactive-icon fa-file-pdf fas\" aria-hidden=\"true\"><\/i><\/span><span class=\"fusion-toggle-heading\">PV AG 2019 AEMA - Rapport Moral et d'Activit\u00e9<\/span><\/a><\/h4><\/div><div id=\"5a03606b8de568208\" class=\"panel-collapse collapse \" aria-labelledby=\"toggle_5a03606b8de568208\"><div class=\"panel-body toggle-content fusion-clearfix\">\n<p><a href=\"https:\/\/aema-iledere.fr\/wp-content\/uploads\/2021\/09\/PV-AG-AEMA-2019.pdf\" target=\"_blank\" rel=\"noopener\">T\u00e9l\u00e9chargement PV AG 2019 AEMA &#8211; Rapport Moral et d&rsquo;Activit\u00e9.<\/a><\/p>\n<\/div><\/div><\/div><div class=\"fusion-panel panel-default panel-29323e6e88c4b3404 fusion-toggle-has-divider\" style=\"--awb-title-color:#333333;\"><div class=\"panel-heading\"><h4 class=\"panel-title toggle\" id=\"toggle_29323e6e88c4b3404\"><a aria-expanded=\"false\" aria-controls=\"29323e6e88c4b3404\" role=\"button\" data-toggle=\"collapse\" data-parent=\"#accordion-1503-2\" data-target=\"#29323e6e88c4b3404\" href=\"#29323e6e88c4b3404\"><span class=\"fusion-toggle-icon-wrapper\" aria-hidden=\"true\"><i class=\"fa-fusion-box active-icon awb-icon-minus\" aria-hidden=\"true\"><\/i><i class=\"fa-fusion-box inactive-icon fa-file-pdf fas\" aria-hidden=\"true\"><\/i><\/span><span class=\"fusion-toggle-heading\">PV AG 2018 AEMA - Rapport Moral et d'Activit\u00e9<\/span><\/a><\/h4><\/div><div id=\"29323e6e88c4b3404\" class=\"panel-collapse collapse \" aria-labelledby=\"toggle_29323e6e88c4b3404\"><div class=\"panel-body toggle-content fusion-clearfix\">\n<p><a href=\"https:\/\/aema-iledere.fr\/wp-content\/uploads\/2019\/03\/aema-pv-ag2018.pdf\" target=\"_blank\" rel=\"noopener\">T\u00e9l\u00e9chargement PV AG 2018 AEMA &#8211; Rapport Moral et d&rsquo;Activit\u00e9.<\/a><\/p>\n<\/div><\/div><\/div><\/div><\/div><\/div><\/div><\/div><\/div>\n","protected":false},"excerpt":{"rendered":"","protected":false},"author":1,"featured_media":0,"parent":0,"menu_order":0,"comment_status":"closed","ping_status":"closed","template":"","meta":{"footnotes":""},"folder":[26],"class_list":["post-1503","page","type-page","status-publish","hentry"],"yoast_head":"<!-- This site is optimized with the Yoast SEO plugin v24.2 - https:\/\/yoast.com\/wordpress\/plugins\/seo\/ -->\n<title>Documents statutaires - AEMA<\/title>\n<meta name=\"robots\" content=\"index, follow, max-snippet:-1, max-image-preview:large, max-video-preview:-1\" \/>\n<link rel=\"canonical\" href=\"https:\/\/aema-iledere.fr\/index.php\/documents-statutaires\/\" \/>\n<meta property=\"og:locale\" content=\"fr_FR\" \/>\n<meta property=\"og:type\" content=\"article\" \/>\n<meta property=\"og:title\" content=\"Documents statutaires - AEMA\" \/>\n<meta property=\"og:url\" content=\"https:\/\/aema-iledere.fr\/index.php\/documents-statutaires\/\" \/>\n<meta property=\"og:site_name\" content=\"AEMA\" \/>\n<meta property=\"article:publisher\" content=\"https:\/\/www.facebook.com\/aema.aema.9041\" \/>\n<meta property=\"article:modified_time\" content=\"2024-03-01T16:51:53+00:00\" \/>\n<meta name=\"twitter:card\" content=\"summary_large_image\" \/>\n<meta name=\"twitter:label1\" content=\"Dur\u00e9e de lecture estim\u00e9e\" \/>\n\t<meta name=\"twitter:data1\" content=\"1 minute\" \/>\n<script type=\"application\/ld+json\" class=\"yoast-schema-graph\">{\"@context\":\"https:\/\/schema.org\",\"@graph\":[{\"@type\":\"WebPage\",\"@id\":\"https:\/\/aema-iledere.fr\/index.php\/documents-statutaires\/\",\"url\":\"https:\/\/aema-iledere.fr\/index.php\/documents-statutaires\/\",\"name\":\"Documents statutaires - AEMA\",\"isPartOf\":{\"@id\":\"https:\/\/aema-iledere.fr\/#website\"},\"datePublished\":\"2024-02-27T20:56:05+00:00\",\"dateModified\":\"2024-03-01T16:51:53+00:00\",\"breadcrumb\":{\"@id\":\"https:\/\/aema-iledere.fr\/index.php\/documents-statutaires\/#breadcrumb\"},\"inLanguage\":\"fr-FR\",\"potentialAction\":[{\"@type\":\"ReadAction\",\"target\":[\"https:\/\/aema-iledere.fr\/index.php\/documents-statutaires\/\"]}]},{\"@type\":\"BreadcrumbList\",\"@id\":\"https:\/\/aema-iledere.fr\/index.php\/documents-statutaires\/#breadcrumb\",\"itemListElement\":[{\"@type\":\"ListItem\",\"position\":1,\"name\":\"Accueil\",\"item\":\"https:\/\/aema-iledere.fr\/\"},{\"@type\":\"ListItem\",\"position\":2,\"name\":\"Documents statutaires\"}]},{\"@type\":\"WebSite\",\"@id\":\"https:\/\/aema-iledere.fr\/#website\",\"url\":\"https:\/\/aema-iledere.fr\/\",\"name\":\"AEMA\",\"description\":\"Association des Etangs et Marais de l\u2019Ile de R\u00e9\",\"publisher\":{\"@id\":\"https:\/\/aema-iledere.fr\/#organization\"},\"potentialAction\":[{\"@type\":\"SearchAction\",\"target\":{\"@type\":\"EntryPoint\",\"urlTemplate\":\"https:\/\/aema-iledere.fr\/?s={search_term_string}\"},\"query-input\":{\"@type\":\"PropertyValueSpecification\",\"valueRequired\":true,\"valueName\":\"search_term_string\"}}],\"inLanguage\":\"fr-FR\"},{\"@type\":\"Organization\",\"@id\":\"https:\/\/aema-iledere.fr\/#organization\",\"name\":\"AEMA\",\"url\":\"https:\/\/aema-iledere.fr\/\",\"logo\":{\"@type\":\"ImageObject\",\"inLanguage\":\"fr-FR\",\"@id\":\"https:\/\/aema-iledere.fr\/#\/schema\/logo\/image\/\",\"url\":\"https:\/\/aema-iledere.fr\/wp-content\/uploads\/2019\/03\/logo-aema.png\",\"contentUrl\":\"https:\/\/aema-iledere.fr\/wp-content\/uploads\/2019\/03\/logo-aema.png\",\"width\":377,\"height\":238,\"caption\":\"AEMA\"},\"image\":{\"@id\":\"https:\/\/aema-iledere.fr\/#\/schema\/logo\/image\/\"},\"sameAs\":[\"https:\/\/www.facebook.com\/aema.aema.9041\"]}]}<\/script>\n<!-- \/ Yoast SEO plugin. -->","yoast_head_json":{"title":"Documents statutaires - AEMA","robots":{"index":"index","follow":"follow","max-snippet":"max-snippet:-1","max-image-preview":"max-image-preview:large","max-video-preview":"max-video-preview:-1"},"canonical":"https:\/\/aema-iledere.fr\/index.php\/documents-statutaires\/","og_locale":"fr_FR","og_type":"article","og_title":"Documents statutaires - AEMA","og_url":"https:\/\/aema-iledere.fr\/index.php\/documents-statutaires\/","og_site_name":"AEMA","article_publisher":"https:\/\/www.facebook.com\/aema.aema.9041","article_modified_time":"2024-03-01T16:51:53+00:00","twitter_card":"summary_large_image","twitter_misc":{"Dur\u00e9e de lecture estim\u00e9e":"1 minute"},"schema":{"@context":"https:\/\/schema.org","@graph":[{"@type":"WebPage","@id":"https:\/\/aema-iledere.fr\/index.php\/documents-statutaires\/","url":"https:\/\/aema-iledere.fr\/index.php\/documents-statutaires\/","name":"Documents statutaires - AEMA","isPartOf":{"@id":"https:\/\/aema-iledere.fr\/#website"},"datePublished":"2024-02-27T20:56:05+00:00","dateModified":"2024-03-01T16:51:53+00:00","breadcrumb":{"@id":"https:\/\/aema-iledere.fr\/index.php\/documents-statutaires\/#breadcrumb"},"inLanguage":"fr-FR","potentialAction":[{"@type":"ReadAction","target":["https:\/\/aema-iledere.fr\/index.php\/documents-statutaires\/"]}]},{"@type":"BreadcrumbList","@id":"https:\/\/aema-iledere.fr\/index.php\/documents-statutaires\/#breadcrumb","itemListElement":[{"@type":"ListItem","position":1,"name":"Accueil","item":"https:\/\/aema-iledere.fr\/"},{"@type":"ListItem","position":2,"name":"Documents statutaires"}]},{"@type":"WebSite","@id":"https:\/\/aema-iledere.fr\/#website","url":"https:\/\/aema-iledere.fr\/","name":"AEMA","description":"Association des Etangs et Marais de l\u2019Ile de R\u00e9","publisher":{"@id":"https:\/\/aema-iledere.fr\/#organization"},"potentialAction":[{"@type":"SearchAction","target":{"@type":"EntryPoint","urlTemplate":"https:\/\/aema-iledere.fr\/?s={search_term_string}"},"query-input":{"@type":"PropertyValueSpecification","valueRequired":true,"valueName":"search_term_string"}}],"inLanguage":"fr-FR"},{"@type":"Organization","@id":"https:\/\/aema-iledere.fr\/#organization","name":"AEMA","url":"https:\/\/aema-iledere.fr\/","logo":{"@type":"ImageObject","inLanguage":"fr-FR","@id":"https:\/\/aema-iledere.fr\/#\/schema\/logo\/image\/","url":"https:\/\/aema-iledere.fr\/wp-content\/uploads\/2019\/03\/logo-aema.png","contentUrl":"https:\/\/aema-iledere.fr\/wp-content\/uploads\/2019\/03\/logo-aema.png","width":377,"height":238,"caption":"AEMA"},"image":{"@id":"https:\/\/aema-iledere.fr\/#\/schema\/logo\/image\/"},"sameAs":["https:\/\/www.facebook.com\/aema.aema.9041"]}]}},"_links":{"self":[{"href":"https:\/\/aema-iledere.fr\/index.php\/wp-json\/wp\/v2\/pages\/1503","targetHints":{"allow":["GET"]}}],"collection":[{"href":"https:\/\/aema-iledere.fr\/index.php\/wp-json\/wp\/v2\/pages"}],"about":[{"href":"https:\/\/aema-iledere.fr\/index.php\/wp-json\/wp\/v2\/types\/page"}],"author":[{"embeddable":true,"href":"https:\/\/aema-iledere.fr\/index.php\/wp-json\/wp\/v2\/users\/1"}],"replies":[{"embeddable":true,"href":"https:\/\/aema-iledere.fr\/index.php\/wp-json\/wp\/v2\/comments?post=1503"}],"version-history":[{"count":21,"href":"https:\/\/aema-iledere.fr\/index.php\/wp-json\/wp\/v2\/pages\/1503\/revisions"}],"predecessor-version":[{"id":1540,"href":"https:\/\/aema-iledere.fr\/index.php\/wp-json\/wp\/v2\/pages\/1503\/revisions\/1540"}],"wp:attachment":[{"href":"https:\/\/aema-iledere.fr\/index.php\/wp-json\/wp\/v2\/media?parent=1503"}],"wp:term":[{"taxonomy":"folder","embeddable":true,"href":"https:\/\/aema-iledere.fr\/index.php\/wp-json\/wp\/v2\/folder?post=1503"}],"curies":[{"name":"wp","href":"https:\/\/api.w.org\/{rel}","templated":true}]}}